{"id":6,"date":"2018-04-09T12:36:23","date_gmt":"2018-04-09T12:36:23","guid":{"rendered":"https:\/\/wpneu2.alphasportpferdemanagement.de\/?page_id=6"},"modified":"2018-08-08T12:16:03","modified_gmt":"2018-08-08T12:16:03","slug":"herzlich-willkommen-bei-alpha-sportpferdemanagement","status":"publish","type":"page","link":"https:\/\/alphasportpferdemanagement.de\/","title":{"rendered":"Herzlich Willkommen bei Alpha Sportpferdemanagement"},"content":{"rendered":"<p><img loading=\"lazy\" class=\"alignnone wp-image-51 alignright\" src=\"http:\/\/alphasportpferdemanagement.de\/wp-content\/uploads\/2018\/04\/alphasportpferde-collage-300x218.jpg\" alt=\"\" width=\"240\" height=\"177\">Mit gezielten Trainingseinheiten f\u00f6rdern wir Pferd und Reiter. Durch individuelle Trainingspl\u00e4ne gelingt uns die F\u00f6rderung von St\u00e4rken und die Reduktion von Schw\u00e4chen. Wir f\u00f6rdern talentierte, engagierte Pferde und Reiter in den Klassen A bis S.<\/p>\n<p>Motivation, Leidenschaft und jahrelange Erfahrung zeichnen unser Team aus. Durch hervorragende Teamarbeit zwischen Mensch und Tier erreichen wir unsere ehrgeizigen Ziele.<\/p>\n<p>Sandra Bruchmann wird durch ein professionelles Team unterst\u00fctzt.<\/p>\n<p>Alle legen gro\u00dfen Wert auf eine solide Ausbildung von Pferd und Reiter.<\/p>\n<p>Trotz vieler Turnierstarts nehmen sie sich Zeit f\u00fcr den Partner Pferd und haben es sich zur Aufgabe gemacht mit deren St\u00e4rken und Schw\u00e4chen zu arbeiten um stets positive Ergebnisse zu erzielen.<\/p>\n","protected":false},"excerpt":{"rendered":"<p>Mit gezielten Trainingseinheiten f\u00f6rdern wir Pferd und Reiter. Durch individuelle Trainingspl\u00e4ne gelingt uns die F\u00f6rderung von St\u00e4rken und die Reduktion von Schw\u00e4chen. Wir f\u00f6rdern talentierte, engagierte Pferde und Reiter in den Klassen A bis S. Motivation, Leidenschaft und jahrelange Erfahrung &hellip; <a href=\"https:\/\/alphasportpferdemanagement.de\/\">Weiterlesen <span class=\"meta-nav\">&rarr;<\/span><\/a><\/p>\n","protected":false},"author":2,"featured_media":0,"parent":0,"menu_order":0,"comment_status":"closed","ping_status":"closed","template":"","meta":[],"_links":{"self":[{"href":"https:\/\/alphasportpferdemanagement.de\/index.php?rest_route=\/wp\/v2\/pages\/6"}],"collection":[{"href":"https:\/\/alphasportpferdemanagement.de\/index.php?rest_route=\/wp\/v2\/pages"}],"about":[{"href":"https:\/\/alphasportpferdemanagement.de\/index.php?rest_route=\/wp\/v2\/types\/page"}],"author":[{"embeddable":true,"href":"https:\/\/alphasportpferdemanagement.de\/index.php?rest_route=\/wp\/v2\/users\/2"}],"replies":[{"embeddable":true,"href":"https:\/\/alphasportpferdemanagement.de\/index.php?rest_route=%2Fwp%2Fv2%2Fcomments&post=6"}],"version-history":[{"count":6,"href":"https:\/\/alphasportpferdemanagement.de\/index.php?rest_route=\/wp\/v2\/pages\/6\/revisions"}],"predecessor-version":[{"id":950,"href":"https:\/\/alphasportpferdemanagement.de\/index.php?rest_route=\/wp\/v2\/pages\/6\/revisions\/950"}],"wp:attachment":[{"href":"https:\/\/alphasportpferdemanagement.de\/index.php?rest_route=%2Fwp%2Fv2%2Fmedia&parent=6"}],"curies":[{"name":"wp","href":"https:\/\/api.w.org\/{rel}","templated":true}]}}