{"id":14,"date":"2018-04-09T12:49:24","date_gmt":"2018-04-09T12:49:24","guid":{"rendered":"https:\/\/wpneu2.alphasportpferdemanagement.de\/?page_id=14"},"modified":"2018-04-09T12:49:24","modified_gmt":"2018-04-09T12:49:24","slug":"impressum","status":"publish","type":"page","link":"https:\/\/alphasportpferdemanagement.de\/?page_id=14","title":{"rendered":"Impressum"},"content":{"rendered":"<p>Alpha Sportpferdemanagement GbR<\/p>\n<div>F\u00f6rsterm\u00fchle 2<\/div>\n<div>90762 F\u00fcrth<\/div>\n<div><\/div>\n<div>Sandra Bruchmann<\/div>\n<div>Gesch\u00e4ftsf\u00fchrender Gesellschafter<\/div>\n<div>E-mail:\u00a0<span style=\"line-height: 1.42; color: #000000;\">s.bruchmann@alphasportpferdemanagement.de<\/span><\/div>\n<div><\/div>\n<div><span style=\"line-height: 1.42; color: #000000;\">Karl F. Moritz<\/span><\/div>\n<div><span style=\"line-height: 1.42; color: #000000;\">Gesellschafter<\/span><\/div>\n<div><\/div>\n<div>Zentrale Rufnummer<\/div>\n<div>Tel: +49 911 &#8211; 75 999 490<\/div>\n<div>Fax: +49 911 &#8211; 75 999 460<\/div>\n<div><span style=\"font-weight: bold;\">Ein Unternehmen der Moritz &amp; Partner Unternehmensgruppe.<\/span><\/div>\n<div><\/div>\n<p>UST &#8211; IdNR: DE290195530<\/p>\n<p>&nbsp;<\/p>\n<p>Verantwortlich f\u00fcr den Inhalt: Sandra Bruchmann<\/p>\n<p>Diese Webseite wird gehostet und gepflegt von: <a class=\" link\" href=\"http:\/\/www.ascend.de\" target=\"_blank\" rel=\"noopener\">www.ascend.de<\/a><\/p>\n<p>&nbsp;<\/p>\n<p>Disclaimer<\/p>\n<p>Bei direkten oder indirekten Verweisen auf fremde Webseiten (&#8222;Hyperlinks&#8220;), die au\u00dferhalb des Verantwortungsbereiches des Autors liegen, w\u00fcrde eine Haftungsverpflichtung ausschlie\u00dflich in dem Fall in Kraft treten, in dem der Autor von den Inhalten Kenntnis hat und es ihm technisch m\u00f6glich und zumutbar w\u00e4re, die Nutzung im Falle rechtswidriger Inhalte zu verhindern. Der Autor erkl\u00e4rt hiermit ausdr\u00fccklich, dass zum Zeitpunkt der Linksetzung keine illegalen Inhalte auf den zu verlinkenden Seiten erkennbar waren. Auf die aktuelle und zuk\u00fcnftige Gestaltung, die Inhalte oder die Urheberschaft der gelinkten\/verkn\u00fcpften Seiten hat der Autor keinerlei Einfluss. Deshalb distanziert er sich hiermit ausdr\u00fccklich von allen Inhalten aller gelinkten \/verkn\u00fcpften Seiten, die nach der Linksetzung ver\u00e4ndert wurden. Diese Feststellung gilt f\u00fcr alle innerhalb des eigenen Internetangebotes gesetzten Links und Verweise sowie f\u00fcr Fremdeintr\u00e4ge in vom Autor eingerichteten G\u00e4steb\u00fcchern, Diskussionsforen und Mailinglisten. F\u00fcr illegale, fehlerhafte oder unvollst\u00e4ndige Inhalte und insbesondere f\u00fcr Sch\u00e4den, die aus der Nutzung oder Nichtnutzung solcherart dargebotener Informationen entstehen, haftet allein der Anbieter der Seite, auf welche verwiesen wurde, nicht derjenige, der \u00fcber Links auf die jeweilige Ver\u00f6ffentlichung lediglich verweist.<\/p>\n<p>Datenschutz<\/p>\n<p>Wir, die Alphasportpferdemanagement GbR, nehmen den Schutz Ihrer pers\u00f6nlichen Daten sehr ernst und halten uns strikt an die Regeln der Datenschutzgesetze. Personenbezogene Daten werden auf dieser Webseite nur im technisch notwendigen Umfang erhoben. In keinem Fall werden die erhobenen Daten verkauft oder aus anderen Gr\u00fcnden an Dritte weitergegeben.<\/p>\n<p>Die nachfolgende Erkl\u00e4rung gibt Ihnen einen \u00dcberblick dar\u00fcber, wie wir diesen Schutz gew\u00e4hrleisten und welche Art von Daten zu welchem Zweck erhoben werden.<br \/>\nDatenverarbeitung auf dieser Internetseite<\/p>\n<p>Die Alphasportpferdemanagement GbR\u00a0erhebt und speichert automatisch in ihren Server Log Files Informationen, die Ihr Browser an uns \u00fcbermittelt. Dies sind:<\/p>\n<p>Browsertyp\/ -version<\/p>\n<p>verwendetes Betriebssystem<\/p>\n<p>Referrer URL (die zuvor besuchte Seite)<\/p>\n<p>Hostname des zugreifenden Rechners (IP Adresse)<\/p>\n<p>Uhrzeit der Serveranfrage.<\/p>\n<p>Diese Daten sind f\u00fcr die Alphasportpferdemanagement GbR\u00a0nicht bestimmten Personen zuordenbar. Eine Zusammenf\u00fchrung dieser Daten mit anderen Datenquellen wird nicht vorgenommen, die Daten werden zudem nach einer statistischen Auswertung gel\u00f6scht.<\/p>\n<p>Cookies<\/p>\n<p>Die Internetseiten verwenden an mehreren Stellen so genannte Cookies. Sie dienen dazu, unser Angebot nutzerfreundlicher, effektiver und sicherer zu machen. Cookies sind kleine Textdateien, die auf Ihrem Rechner abgelegt werden und die Ihr Browser speichert. Die meisten der von uns verwendeten Cookies sind so genannte \u201eSession-Cookies\u201c. Sie werden nach Ende Ihres Besuchs automatisch gel\u00f6scht. Cookies richten auf Ihrem Rechner keinen Schaden an und enthalten keine Viren.<br \/>\nNewsletter<\/p>\n<p>Wenn Sie den auf der Webseite angebotenen Newsletter empfangen m\u00f6chten, ben\u00f6tigen wir von Ihnen eine valide Email-Adresse sowie Informationen, die uns die \u00dcberpr\u00fcfung gestatten, dass Sie der Inhaber der angegebenen Email-Adresse sind bzw. deren Inhaber mit dem Empfang des Newsletters einverstanden ist. Weitere Daten werden nicht erhoben.<br \/>\nIhre Einwilligung zur Speicherung der Daten, der Email-Adresse sowie deren Nutzung zum Versand des Newsletters k\u00f6nnen Sie jederzeit widerrufen.<br \/>\nAuskunftsrecht<\/p>\n<p>Sie haben jederzeit das Recht auf Auskunft \u00fcber die bez\u00fcglich Ihrer Person gespeicherten Daten, deren Herkunft und Empf\u00e4nger sowie den Zweck der Speicherung. Auskunft \u00fcber die gespeicherten Daten geben wir Ihnen gerne.<br \/>\nWeitere Informationen<\/p>\n<p>Ihr Vertrauen ist uns wichtig. Daher m\u00f6chten wir Ihnen jederzeit Rede und Antwort bez\u00fcglich der Verarbeitung Ihrer personenbezogenen Daten stehen. Wenn Sie Fragen haben, die Ihnen diese Datenschutzerkl\u00e4rung nicht beantworten konnte oder wenn Sie zu einem Punkt vertiefte Informationen w\u00fcnschen, wenden Sie sich bitte jederzeit an uns.<\/p>\n","protected":false},"excerpt":{"rendered":"<p>Alpha Sportpferdemanagement GbR F\u00f6rsterm\u00fchle 2 90762 F\u00fcrth Sandra Bruchmann Gesch\u00e4ftsf\u00fchrender Gesellschafter E-mail:\u00a0s.bruchmann@alphasportpferdemanagement.de Karl F. Moritz Gesellschafter Zentrale Rufnummer Tel: +49 911 &#8211; 75 999 490 Fax: +49 911 &#8211; 75 999 460 Ein Unternehmen der Moritz &amp; Partner Unternehmensgruppe. UST &hellip; <a href=\"https:\/\/alphasportpferdemanagement.de\/?page_id=14\">Weiterlesen <span class=\"meta-nav\">&rarr;<\/span><\/a><\/p>\n","protected":false},"author":2,"featured_media":0,"parent":0,"menu_order":0,"comment_status":"closed","ping_status":"closed","template":"","meta":[],"_links":{"self":[{"href":"https:\/\/alphasportpferdemanagement.de\/index.php?rest_route=\/wp\/v2\/pages\/14"}],"collection":[{"href":"https:\/\/alphasportpferdemanagement.de\/index.php?rest_route=\/wp\/v2\/pages"}],"about":[{"href":"https:\/\/alphasportpferdemanagement.de\/index.php?rest_route=\/wp\/v2\/types\/page"}],"author":[{"embeddable":true,"href":"https:\/\/alphasportpferdemanagement.de\/index.php?rest_route=\/wp\/v2\/users\/2"}],"replies":[{"embeddable":true,"href":"https:\/\/alphasportpferdemanagement.de\/index.php?rest_route=%2Fwp%2Fv2%2Fcomments&post=14"}],"version-history":[{"count":1,"href":"https:\/\/alphasportpferdemanagement.de\/index.php?rest_route=\/wp\/v2\/pages\/14\/revisions"}],"predecessor-version":[{"id":15,"href":"https:\/\/alphasportpferdemanagement.de\/index.php?rest_route=\/wp\/v2\/pages\/14\/revisions\/15"}],"wp:attachment":[{"href":"https:\/\/alphasportpferdemanagement.de\/index.php?rest_route=%2Fwp%2Fv2%2Fmedia&parent=14"}],"curies":[{"name":"wp","href":"https:\/\/api.w.org\/{rel}","templated":true}]}}