{"id":12,"date":"2018-04-09T12:40:46","date_gmt":"2018-04-09T12:40:46","guid":{"rendered":"https:\/\/wpneu2.alphasportpferdemanagement.de\/?page_id=12"},"modified":"2018-04-16T15:13:32","modified_gmt":"2018-04-16T15:13:32","slug":"termine","status":"publish","type":"page","link":"https:\/\/alphasportpferdemanagement.de\/?page_id=12","title":{"rendered":"Termine"},"content":{"rendered":"<p><strong>01. &#8211; 03. M\u00e4rz 2018<br \/>\n<\/strong><\/p>\n<p>Hengstsportpr\u00fcfung I Verden<\/p>\n<p>&nbsp;<\/p>\n<p><strong>23. &#8211; 24. April 2018<br \/>\n<\/strong><\/p>\n<p>Sattelk\u00f6rung Elmshorn<\/p>\n","protected":false},"excerpt":{"rendered":"<p>01. &#8211; 03. M\u00e4rz 2018 Hengstsportpr\u00fcfung I Verden &nbsp; 23. &#8211; 24. April 2018 Sattelk\u00f6rung Elmshorn<\/p>\n","protected":false},"author":2,"featured_media":0,"parent":0,"menu_order":0,"comment_status":"closed","ping_status":"closed","template":"","meta":[],"_links":{"self":[{"href":"https:\/\/alphasportpferdemanagement.de\/index.php?rest_route=\/wp\/v2\/pages\/12"}],"collection":[{"href":"https:\/\/alphasportpferdemanagement.de\/index.php?rest_route=\/wp\/v2\/pages"}],"about":[{"href":"https:\/\/alphasportpferdemanagement.de\/index.php?rest_route=\/wp\/v2\/types\/page"}],"author":[{"embeddable":true,"href":"https:\/\/alphasportpferdemanagement.de\/index.php?rest_route=\/wp\/v2\/users\/2"}],"replies":[{"embeddable":true,"href":"https:\/\/alphasportpferdemanagement.de\/index.php?rest_route=%2Fwp%2Fv2%2Fcomments&post=12"}],"version-history":[{"count":4,"href":"https:\/\/alphasportpferdemanagement.de\/index.php?rest_route=\/wp\/v2\/pages\/12\/revisions"}],"predecessor-version":[{"id":932,"href":"https:\/\/alphasportpferdemanagement.de\/index.php?rest_route=\/wp\/v2\/pages\/12\/revisions\/932"}],"wp:attachment":[{"href":"https:\/\/alphasportpferdemanagement.de\/index.php?rest_route=%2Fwp%2Fv2%2Fmedia&parent=12"}],"curies":[{"name":"wp","href":"https:\/\/api.w.org\/{rel}","templated":true}]}}